{"id":1006,"date":"2020-05-30T05:33:07","date_gmt":"2020-05-30T05:33:07","guid":{"rendered":"https:\/\/vietlearnfun.com\/product\/import-placeholder-for-1012\/"},"modified":"2023-10-09T12:48:18","modified_gmt":"2023-10-09T12:48:18","slug":"book-cover-softcover","status":"publish","type":"product","link":"https:\/\/vietlearnfun.com\/vi\/san-pham\/book-cover-softcover\/","title":{"rendered":"Cu\u1ed1n S\u00e1ch B\u00eca T\u1ea1p Ch\u00ed"},"content":{"rendered":"<p>N\u00f3 l\u00e0 m\u1ed9t l\u00e2u \u0111\u1eddi th\u1ef1c t\u1ebf l\u00e0 m\u1ed9t \u0111\u1ed9c gi\u1ea3 s\u1ebd \u0111\u01b0\u1ee3c ngh\u00e8o c\u1ee7a m\u1ed9t trang khi nh\u00ecn b\u1ed1 tr\u00ed c\u1ee7a n\u00f3. \u0110i\u1ec3m c\u1ee7a d\u00f9ng M\u1eb9o l\u00e0 n\u00f3 c\u00f3 nhi\u1ec1u ho\u1eb7c \u00edt h\u01a1n b\u00ecnh th\u01b0\u1eddng gi\u1ea5y ph\u00e9p c\u1ee7a c\u00e1c ch\u1eef c\u00e1i, l\u00e0 tr\u00e1i ng\u01b0\u1ee3c v\u1edbi s\u1eed d\u1ee5ng &#039;n\u1ed9i Dung \u1edf \u0111\u00e2y, n\u1ed9i dung \u0111\u00e2y, l\u00e0m cho n\u00f3 tr\u00f4ng gi\u1ed1ng nh\u01b0 c\u00f3 th\u1ec3 \u0111\u1ecdc \u0111\u01b0\u1ee3c ti\u1ebfng anh. Nhi\u1ec1u m\u00e1y t\u00ednh \u0111\u1ec3 b\u00e0n xu\u1ea5t b\u1ea3n v\u00e0 bi\u00ean t\u1eadp vi\u00ean b\u00e2y gi\u1edd s\u1eed d\u1ee5ng M\u1eb9o nh\u01b0 l\u00e0 c\u1ee7a h\u1ecd \u0111\u1ecbnh m\u00f4 h\u00ecnh v\u0103n b\u1ea3n, v\u00e0 t\u00ecm ki\u1ebfm &#039;m\u1eb9o&#039; s\u1ebd kh\u00e1m ph\u00e1 ra nhi\u1ec1u trang web v\u1eabn c\u00f2n trong tr\u1ee9ng n\u01b0\u1edbc.<\/p>\n<p>Tr\u00e1i ng\u01b0\u1ee3c v\u1edbi ni\u1ec1m tin, M\u1eb9o l\u00e0 kh\u00f4ng ch\u1ec9 \u0111\u01a1n gi\u1ea3n l\u00e0 v\u0103n b\u1ea3n ng\u1eabu nhi\u00ean. N\u00f3 c\u00f3 r\u1ec5 \u1edf m\u1ed9t m\u1ea3nh c\u1ee7a Latin c\u1ed5 \u0111i\u1ec3n v\u0103n h\u1ecdc t\u1eeb 45 tr\u01b0\u1edbc c\u00f4ng nguy\u00ean, l\u00e0m cho n\u00f3 h\u01a1n 2000 n\u0103m tu\u1ed5i. Richard Xu\u1ea5t m\u1ed9t gi\u00e1o s\u01b0 t\u1ea1i \u0110\u00e2y, Virginia, nh\u00ecn l\u00ean m\u1ed9t trong nh\u1eefng m\u01a1 h\u1ed3 h\u01a1n.<\/p>\n<p>Ch\u1eef Latin, minneapolis t\u1eeb m\u1ed9t M\u1eb9o \u0111i, v\u00e0 \u0111i qua c\u00e1c tr\u00edch d\u1eabn c\u1ee7a c\u00e1c t\u1eeb trong v\u0103n h\u1ecdc c\u1ed5 \u0111i\u1ec3n, hi\u1ec7n \u0111\u1ea1i. M\u1eb9o \u0111\u1ebfn t\u1eeb ph\u1ea7n 1.10.32 v\u00e0 1.10.33 c\u1ee7a &#034;de Finibus Danh et Malorum&#034;.<\/p>","protected":false},"excerpt":{"rendered":"<p>C\u00e2u chuy\u1ec7n n\u00e0y, r\u1ef1c r\u1ee1 trong m\u1ea1nh m\u1ebd c\u1ee7a n\u00f3, \u0111\u01a1n gi\u1ea3n v\u00e0 linh h\u1ed3n-khu\u1ea5y s\u1ef1 kh\u00f4n ngoan, \u0111\u01b0\u1ee3c kho\u1ea3ng m\u1ed9t ch\u0103n c\u1eebu Andalucia c\u1eadu b\u00e9 t\u00ean l\u00e0 Santiago ng\u01b0\u1eddi \u0111i t\u1eeb qu\u00ea h\u01b0\u01a1ng \u1edf T\u00e2y ban nha \u0111\u1ebfn sa m\u1ea1c Ai c\u1eadp trong vi\u1ec7c t\u00ecm ki\u1ebfm c\u1ee7a m\u1ed9t kho b\u00e1u b\u1ecb ch\u00f4n v\u00f9i \u1edf g\u1ea7n c\u00e1c kim t\u1ef1 Th\u00e1p. M\u1eb9o dolor ng\u1ed3i c\u1ea5p minneapolis adipiscing homer, sed l\u00e0m eiusmod lo incididunt \u00fat ng\u01b0\u1eddi l\u01b0u gi\u1eef kh\u00f3a h\u1ecdc et. M\u1eb9o dolor ng\u1ed3i c\u1ea5p minneapolis adipiscing homer, sed l\u00e0m eiusmod lo incididunt etc.<\/p>","protected":false},"featured_media":1013,"comment_status":"open","ping_status":"closed","template":"","meta":{"_acf_changed":false},"product_brand":[],"product_cat":[59],"product_tag":[58],"class_list":{"0":"post-1006","1":"product","2":"type-product","3":"status-publish","4":"has-post-thumbnail","6":"product_cat-business","7":"product_tag-book","9":"first","10":"instock","11":"sale","12":"virtual","13":"purchasable","14":"product-type-simple"},"acf":[],"_links":{"self":[{"href":"https:\/\/vietlearnfun.com\/vi\/wp-json\/wp\/v2\/product\/1006","targetHints":{"allow":["GET"]}}],"collection":[{"href":"https:\/\/vietlearnfun.com\/vi\/wp-json\/wp\/v2\/product"}],"about":[{"href":"https:\/\/vietlearnfun.com\/vi\/wp-json\/wp\/v2\/types\/product"}],"replies":[{"embeddable":true,"href":"https:\/\/vietlearnfun.com\/vi\/wp-json\/wp\/v2\/comments?post=1006"}],"wp:featuredmedia":[{"embeddable":true,"href":"https:\/\/vietlearnfun.com\/vi\/wp-json\/wp\/v2\/media\/1013"}],"wp:attachment":[{"href":"https:\/\/vietlearnfun.com\/vi\/wp-json\/wp\/v2\/media?parent=1006"}],"wp:term":[{"taxonomy":"product_brand","embeddable":true,"href":"https:\/\/vietlearnfun.com\/vi\/wp-json\/wp\/v2\/product_brand?post=1006"},{"taxonomy":"product_cat","embeddable":true,"href":"https:\/\/vietlearnfun.com\/vi\/wp-json\/wp\/v2\/product_cat?post=1006"},{"taxonomy":"product_tag","embeddable":true,"href":"https:\/\/vietlearnfun.com\/vi\/wp-json\/wp\/v2\/product_tag?post=1006"}],"curies":[{"name":"wp","href":"https:\/\/api.w.org\/{rel}","templated":true}]}}