{"id":932,"date":"2020-05-24T20:43:35","date_gmt":"2020-05-24T20:43:35","guid":{"rendered":"https:\/\/vietlearnfun.com\/?page_id=932"},"modified":"2020-08-22T18:26:57","modified_gmt":"2020-08-22T18:26:57","slug":"categories","status":"publish","type":"page","link":"https:\/\/vietlearnfun.com\/vi\/categories\/","title":{"rendered":"Lo\u1ea1i"},"content":{"rendered":"<div data-elementor-type=\"wp-page\" data-elementor-id=\"932\" class=\"elementor elementor-932\" data-elementor-post-type=\"page\">\n\t\t\t\t\t\t<section class=\"elementor-section elementor-top-section elementor-element elementor-element-dfcd0d2 elementor-section-full_width categories-area ptb-100 elementor-section-height-default elementor-section-height-default\" data-id=\"dfcd0d2\" data-element_type=\"section\">\n\t\t\t\t\t\t<div class=\"elementor-container elementor-column-gap-no\">\n\t\t\t\t\t<div class=\"elementor-column elementor-col-100 elementor-top-column elementor-element elementor-element-118ffc5\" data-id=\"118ffc5\" data-element_type=\"column\">\n\t\t\t<div class=\"elementor-widget-wrap elementor-element-populated\">\n\t\t\t\t\t\t<div class=\"elementor-element elementor-element-21ea997 elementor-widget elementor-widget-eCademy_Courses_Categories\" data-id=\"21ea997\" data-element_type=\"widget\" data-widget_type=\"eCademy_Courses_Categories.default\">\n\t\t\t\t<div class=\"elementor-widget-container\">\n\t\t\t\t\t        <div class=\"container\">\r\n            <div class=\"row\">\r\n                                                        <div class=\"col-lg-3 col-sm-6 col-md-6\">\r\n                        <div class=\"single-categories-box\">\r\n                                                            <img decoding=\"async\" src=\"https:\/\/vietlearnfun.com\/wp-content\/uploads\/2020\/05\/categorie-img1.jpg\" alt=\"Data Science\">\r\n                            \r\n                            <div class=\"content\">\r\n                                <h3>D\u1eef Li\u1ec7u Khoa H\u1ecdc<\/h3>\r\n                                \r\n                            <\/div>\r\n                            <a href=\"https:\/\/vietlearnfun.com\/vi\/course-category\/data-science\/?tutor-course-filter-category=131\" class=\"link-btn\"><\/a>\r\n                        <\/div>\r\n                    <\/div>\r\n                                                        <div class=\"col-lg-3 col-sm-6 col-md-6\">\r\n                        <div class=\"single-categories-box\">\r\n                                                            <img decoding=\"async\" src=\"https:\/\/vietlearnfun.com\/wp-content\/uploads\/2020\/05\/categorie-img2.jpg\" alt=\"Development\">\r\n                            \r\n                            <div class=\"content\">\r\n                                <h3>Ph\u00e1t tri\u1ec3n<\/h3>\r\n                                \r\n                            <\/div>\r\n                            <a href=\"https:\/\/vietlearnfun.com\/vi\/course-category\/development\/?tutor-course-filter-category=112\" class=\"link-btn\"><\/a>\r\n                        <\/div>\r\n                    <\/div>\r\n                                                        <div class=\"col-lg-3 col-sm-6 col-md-6\">\r\n                        <div class=\"single-categories-box\">\r\n                                                            <img decoding=\"async\" src=\"https:\/\/vietlearnfun.com\/wp-content\/uploads\/2020\/05\/categorie-img3.jpg\" alt=\"UX\/UI\">\r\n                            \r\n                            <div class=\"content\">\r\n                                <h3>D\u00c0NG\/UI<\/h3>\r\n                                \r\n                            <\/div>\r\n                            <a href=\"https:\/\/vietlearnfun.com\/vi\/course-category\/ux-ui\/?tutor-course-filter-category=125\" class=\"link-btn\"><\/a>\r\n                        <\/div>\r\n                    <\/div>\r\n                                                        <div class=\"col-lg-3 col-sm-6 col-md-6\">\r\n                        <div class=\"single-categories-box\">\r\n                                                            <img decoding=\"async\" src=\"https:\/\/vietlearnfun.com\/wp-content\/uploads\/2020\/05\/categorie-img4.jpg\" alt=\"Web Development\">\r\n                            \r\n                            <div class=\"content\">\r\n                                <h3>Ph\u00e1t Tri\u1ec3n Web<\/h3>\r\n                                \r\n                            <\/div>\r\n                            <a href=\"https:\/\/vietlearnfun.com\/vi\/course-category\/web-development\/?tutor-course-filter-category=130\" class=\"link-btn\"><\/a>\r\n                        <\/div>\r\n                    <\/div>\r\n                                                        <div class=\"col-lg-3 col-sm-6 col-md-6\">\r\n                        <div class=\"single-categories-box\">\r\n                                                            <img decoding=\"async\" src=\"https:\/\/vietlearnfun.com\/wp-content\/uploads\/2020\/05\/categorie-img5.jpg\" alt=\"Photo &amp; Flim\">\r\n                            \r\n                            <div class=\"content\">\r\n                                <h3>\u1ea2nh &amp; M ...<\/h3>\r\n                                \r\n                            <\/div>\r\n                            <a href=\"https:\/\/vietlearnfun.com\/vi\/course-category\/photo-flim\/?tutor-course-filter-category=121\" class=\"link-btn\"><\/a>\r\n                        <\/div>\r\n                    <\/div>\r\n                                                        <div class=\"col-lg-3 col-sm-6 col-md-6\">\r\n                        <div class=\"single-categories-box\">\r\n                                                            <img decoding=\"async\" src=\"https:\/\/vietlearnfun.com\/wp-content\/uploads\/2020\/05\/categorie-img6.jpg\" alt=\"Lifestyle\">\r\n                            \r\n                            <div class=\"content\">\r\n                                <h3>L\u1ed1i s\u1ed1ng<\/h3>\r\n                                \r\n                            <\/div>\r\n                            <a href=\"https:\/\/vietlearnfun.com\/vi\/course-category\/lifestyle\/?tutor-course-filter-category=113\" class=\"link-btn\"><\/a>\r\n                        <\/div>\r\n                    <\/div>\r\n                                                        <div class=\"col-lg-3 col-sm-6 col-md-6\">\r\n                        <div class=\"single-categories-box\">\r\n                                                            <img decoding=\"async\" src=\"https:\/\/vietlearnfun.com\/wp-content\/uploads\/2020\/05\/categorie-img7.jpg\" alt=\"Machine Learning\">\r\n                            \r\n                            <div class=\"content\">\r\n                                <h3>M\u00e1y H\u1ecdc<\/h3>\r\n                                \r\n                            <\/div>\r\n                            <a href=\"https:\/\/vietlearnfun.com\/vi\/course-category\/machine-learning\/?tutor-course-filter-category=116\" class=\"link-btn\"><\/a>\r\n                        <\/div>\r\n                    <\/div>\r\n                                                        <div class=\"col-lg-3 col-sm-6 col-md-6\">\r\n                        <div class=\"single-categories-box\">\r\n                                                            <img decoding=\"async\" src=\"https:\/\/vietlearnfun.com\/wp-content\/uploads\/2020\/05\/categorie-img8.jpg\" alt=\"Data Science\">\r\n                            \r\n                            <div class=\"content\">\r\n                                <h3>D\u1eef Li\u1ec7u Khoa H\u1ecdc<\/h3>\r\n                                \r\n                            <\/div>\r\n                            <a href=\"https:\/\/vietlearnfun.com\/vi\/course-category\/data-science\/?tutor-course-filter-category=131\" class=\"link-btn\"><\/a>\r\n                        <\/div>\r\n                    <\/div>\r\n                                                        <div class=\"col-lg-3 col-sm-6 col-md-6\">\r\n                        <div class=\"single-categories-box\">\r\n                                                            <img decoding=\"async\" src=\"https:\/\/vietlearnfun.com\/wp-content\/uploads\/2020\/05\/categorie-img9.jpg\" alt=\"Python\">\r\n                            \r\n                            <div class=\"content\">\r\n                                <h3>Python<\/h3>\r\n                                \r\n                            <\/div>\r\n                            <a href=\"https:\/\/vietlearnfun.com\/vi\/course-category\/python\/?tutor-course-filter-category=132\" class=\"link-btn\"><\/a>\r\n                        <\/div>\r\n                    <\/div>\r\n                                                        <div class=\"col-lg-3 col-sm-6 col-md-6\">\r\n                        <div class=\"single-categories-box\">\r\n                                                            <img decoding=\"async\" src=\"https:\/\/vietlearnfun.com\/wp-content\/uploads\/2020\/05\/categorie-img10.jpg\" alt=\"IT &amp; Software\">\r\n                            \r\n                            <div class=\"content\">\r\n                                <h3>N\u00d3 v\u00e0 ph\u1ea7n M\u1ec1m<\/h3>\r\n                                \r\n                            <\/div>\r\n                            <a href=\"https:\/\/vietlearnfun.com\/vi\/course-category\/it-software\/?tutor-course-filter-category=129\" class=\"link-btn\"><\/a>\r\n                        <\/div>\r\n                    <\/div>\r\n                                                        <div class=\"col-lg-3 col-sm-6 col-md-6\">\r\n                        <div class=\"single-categories-box\">\r\n                                                            <img decoding=\"async\" src=\"https:\/\/vietlearnfun.com\/wp-content\/uploads\/2020\/05\/categorie-img11.jpg\" alt=\"Writing\">\r\n                            \r\n                            <div class=\"content\">\r\n                                <h3>Vi\u1ebft<\/h3>\r\n                                \r\n                            <\/div>\r\n                            <a href=\"https:\/\/vietlearnfun.com\/vi\/course-category\/writing\/?tutor-course-filter-category=120\" class=\"link-btn\"><\/a>\r\n                        <\/div>\r\n                    <\/div>\r\n                                                        <div class=\"col-lg-3 col-sm-6 col-md-6\">\r\n                        <div class=\"single-categories-box\">\r\n                                                            <img decoding=\"async\" src=\"https:\/\/vietlearnfun.com\/wp-content\/uploads\/2020\/05\/categorie-img12.jpg\" alt=\"Animation\">\r\n                            \r\n                            <div class=\"content\">\r\n                                <h3>Ho\u1ea1t h\u00ecnh<\/h3>\r\n                                \r\n                            <\/div>\r\n                            <a href=\"https:\/\/vietlearnfun.com\/vi\/course-category\/animation\/?tutor-course-filter-category=134\" class=\"link-btn\"><\/a>\r\n                        <\/div>\r\n                    <\/div>\r\n                \r\n                \r\n            <\/div>\r\n        <\/div>\r\n\t\t\t\t<\/div>\n\t\t\t\t<\/div>\n\t\t\t\t\t<\/div>\n\t\t<\/div>\n\t\t\t\t\t<\/div>\n\t\t<\/section>\n\t\t\t\t<section class=\"elementor-section elementor-top-section elementor-element elementor-element-262dc8f elementor-section-full_width elementor-section-height-default elementor-section-height-default\" data-id=\"262dc8f\" data-element_type=\"section\">\n\t\t\t\t\t\t<div class=\"elementor-container elementor-column-gap-no\">\n\t\t\t\t\t<div class=\"elementor-column elementor-col-100 elementor-top-column elementor-element elementor-element-c086694\" data-id=\"c086694\" data-element_type=\"column\">\n\t\t\t<div class=\"elementor-widget-wrap elementor-element-populated\">\n\t\t\t\t\t\t<div class=\"elementor-element elementor-element-abe6fc9 elementor-widget elementor-widget-eCademy_Newsletter\" data-id=\"abe6fc9\" data-element_type=\"widget\" data-widget_type=\"eCademy_Newsletter.default\">\n\t\t\t\t<div class=\"elementor-widget-container\">\n\t\t\t\t\t                                    <div class=\"subscribe-area bg-f9f9f9 ptb-100\">\r\n                    <div class=\"container\">\r\n                        <div class=\"subscribe-content\">\r\n                            <span class=\"sub-title\">\u0110i V\u1edbi T\u1ed1c \u0110\u1ed9 C\u1ee7a Ri\u00eang<\/span>\r\n                            <h2 >\u0110\u0103ng k\u00fd v\u00e0o b\u1ea3n Tin c\u1ee7a Ch\u00fang t\u00f4i<\/h2>\r\n                            <p >M\u1eb9o dolor ng\u1ed3i c\u1ea5p minneapolis adipiscing homer, sed l\u00e0m eiusmod lo incididunt \u00fat ng\u01b0\u1eddi l\u01b0u gi\u1eef kh\u00f3a h\u1ecdc et dolore magna nh\u1ea5t.<\/p>\r\n\r\n                            <form class=\"mailchimp newsletter-form\" method=\"post\" action=\"\">\r\n                                <div class=\"subcribes\">\r\n                                    <input type=\"email\" class=\"input-newsletter memail\" placeholder=\"Nh\u1eadp \u0111\u1ecba ch\u1ec9 email c\u1ee7a b\u1ea1n\" name=\"EMAIL\" required>\r\n                                                                            <button type=\"submit\" class=\"default-btn\"><i class=\"flaticon-user\"><\/i>\u0110\u0103ng K\u00fd Ngay B\u00e2y Gi\u1edd<span><\/span><\/button>\r\n                                                                    <\/div>\r\n                                <p class=\"mchimp-errmessage\" style=\"display: none;\"><\/p>\r\n                                <p class=\"mchimp-sucmessage\" style=\"display: none;\"><\/p>\r\n                            <input type=\"hidden\" name=\"trp-form-language\" value=\"vi\"\/><\/form>\r\n                        <\/div>\r\n                    <\/div>\r\n\r\n                                            <div class=\"shape4\">\r\n                                                            <img decoding=\"async\" src=\"https:\/\/vietlearnfun.com\/wp-content\/uploads\/2020\/05\/shape4.png\" alt=\"Shape Image\">\r\n                                                    <\/div>\r\n                    \r\n                                            <div class=\"shape13\">\r\n                                                            <img decoding=\"async\" src=\"https:\/\/vietlearnfun.com\/wp-content\/uploads\/2020\/05\/shape12.png\" alt=\"Shape Image\">\r\n                                                    <\/div>\r\n                    \r\n                                            <div class=\"shape14\">\r\n                                                            <img decoding=\"async\" src=\"https:\/\/vietlearnfun.com\/wp-content\/uploads\/2020\/05\/shape13.png\" alt=\"Shape Image\">\r\n                                                    <\/div>\r\n                    \r\n                                            <div class=\"shape15\">\r\n                                                            <img decoding=\"async\" src=\"https:\/\/vietlearnfun.com\/wp-content\/uploads\/2020\/05\/shape14.png\" alt=\"Shape Image\">\r\n                                                    <\/div>\r\n                                    <\/div>\r\n                <script>\r\n                    ;(function($){\r\n                        \"use strict\";\r\n                        $(document).ready(function () {\r\n                            \/\/ MAILCHIMP\r\n                            if ($(\".mailchimp\").length > 0) {\r\n                                $(\".mailchimp\").ajaxChimp({\r\n                                    callback: mailchimpCallback,\r\n                                    url: \"\"\r\n                                });\r\n                            }\r\n                            if ($(\".mailchimp_two\").length > 0) {\r\n                                $(\".mailchimp_two\").ajaxChimp({\r\n                                    callback: mailchimpCallback,\r\n                                    url: \"\" \/\/Replace this with your own mailchimp post URL. Don't remove the \"\". Just paste the url inside \"\".\r\n                                });\r\n                            }\r\n                            $(\".memail\").on(\"focus\", function () {\r\n                                $(\".mchimp-errmessage\").fadeOut();\r\n                                $(\".mchimp-sucmessage\").fadeOut();\r\n                            });\r\n                            $(\".memail\").on(\"keydown\", function () {\r\n                                $(\".mchimp-errmessage\").fadeOut();\r\n                                $(\".mchimp-sucmessage\").fadeOut();\r\n                            });\r\n                            $(\".memail\").on(\"click\", function () {\r\n                                $(\".memail\").val(\"\");\r\n                            });\r\n\r\n                            function mailchimpCallback(resp) {\r\n                                if (resp.result === \"success\") {\r\n                                    $(\".mchimp-errmessage\").html(resp.msg).fadeIn(1000);\r\n                                    $(\".mchimp-sucmessage\").fadeOut(500);\r\n                                } else if (resp.result === \"error\") {\r\n                                    $(\".mchimp-errmessage\").html(resp.msg).fadeIn(1000);\r\n                                }\r\n                            }\r\n                        });\r\n                    })(jQuery)\r\n                <\/script>\r\n                        \t\t\t\t<\/div>\n\t\t\t\t<\/div>\n\t\t\t\t\t<\/div>\n\t\t<\/div>\n\t\t\t\t\t<\/div>\n\t\t<\/section>\n\t\t\t\t<\/div>","protected":false},"excerpt":{"rendered":"<p>Data Science 2 Courses Development 5 Courses UX\/UI 1 Courses Web Development 3 Courses Photo &amp; Flim 1 Courses Lifestyle <\/p>","protected":false},"author":1,"featured_media":0,"parent":0,"menu_order":0,"comment_status":"closed","ping_status":"closed","template":"","meta":{"_acf_changed":false,"footnotes":""},"class_list":["post-932","page","type-page","status-publish","hentry"],"acf":[],"_links":{"self":[{"href":"https:\/\/vietlearnfun.com\/vi\/wp-json\/wp\/v2\/pages\/932","targetHints":{"allow":["GET"]}}],"collection":[{"href":"https:\/\/vietlearnfun.com\/vi\/wp-json\/wp\/v2\/pages"}],"about":[{"href":"https:\/\/vietlearnfun.com\/vi\/wp-json\/wp\/v2\/types\/page"}],"author":[{"embeddable":true,"href":"https:\/\/vietlearnfun.com\/vi\/wp-json\/wp\/v2\/users\/1"}],"replies":[{"embeddable":true,"href":"https:\/\/vietlearnfun.com\/vi\/wp-json\/wp\/v2\/comments?post=932"}],"version-history":[{"count":0,"href":"https:\/\/vietlearnfun.com\/vi\/wp-json\/wp\/v2\/pages\/932\/revisions"}],"wp:attachment":[{"href":"https:\/\/vietlearnfun.com\/vi\/wp-json\/wp\/v2\/media?parent=932"}],"curies":[{"name":"wp","href":"https:\/\/api.w.org\/{rel}","templated":true}]}}