{"id":3,"date":"2020-05-01T13:54:30","date_gmt":"2020-05-01T13:54:30","guid":{"rendered":"https:\/\/vietlearnfun.com\/?page_id=3"},"modified":"2020-05-10T08:11:11","modified_gmt":"2020-05-10T08:11:11","slug":"privacy-policy","status":"publish","type":"page","link":"https:\/\/vietlearnfun.com\/vi\/privacy-policy\/","title":{"rendered":"Ch\u00ednh S\u00e1ch B\u1ea3o M\u1eadt"},"content":{"rendered":"<div data-elementor-type=\"wp-page\" data-elementor-id=\"3\" class=\"elementor elementor-3\" data-elementor-post-type=\"page\">\n\t\t\t\t\t\t<section class=\"elementor-section elementor-top-section elementor-element elementor-element-96076f9 purchase-guide-area ptb-100 elementor-section-boxed elementor-section-height-default elementor-section-height-default\" data-id=\"96076f9\" data-element_type=\"section\">\n\t\t\t\t\t\t<div class=\"elementor-container elementor-column-gap-default\">\n\t\t\t\t\t<div class=\"elementor-column elementor-col-100 elementor-top-column elementor-element elementor-element-3745fd5\" data-id=\"3745fd5\" data-element_type=\"column\">\n\t\t\t<div class=\"elementor-widget-wrap elementor-element-populated\">\n\t\t\t\t\t\t<section class=\"elementor-section elementor-inner-section elementor-element elementor-element-96afc26 elementor-section-boxed elementor-section-height-default elementor-section-height-default\" data-id=\"96afc26\" data-element_type=\"section\">\n\t\t\t\t\t\t<div class=\"elementor-container elementor-column-gap-default\">\n\t\t\t\t\t<div class=\"elementor-column elementor-col-50 elementor-inner-column elementor-element elementor-element-38c6833 purchase-guide-content\" data-id=\"38c6833\" data-element_type=\"column\">\n\t\t\t<div class=\"elementor-widget-wrap elementor-element-populated\">\n\t\t\t\t\t\t<div class=\"elementor-element elementor-element-21ceb31 elementor-widget elementor-widget-text-editor\" data-id=\"21ceb31\" data-element_type=\"widget\" data-widget_type=\"text-editor.default\">\n\t\t\t\t<div class=\"elementor-widget-container\">\n\t\t\t\t\t\t\t\t\t<p><img fetchpriority=\"high\" decoding=\"async\" src=\"https:\/\/vietlearnfun.com\/wp-content\/uploads\/2020\/05\/course-img12.jpg\" alt=\"\" width=\"750\" height=\"501\"><\/p>\n<p><i>\u0110\u00e2y Ch\u00ednh S\u00e1ch \u0111\u01b0\u1ee3c c\u1eadp nh\u1eadt l\u1ea7n cu\u1ed1i th\u00e1ng 1 n\u0103m 2020.<\/i><\/p>\n<h3>1. Nh\u1eefng G\u00ec Ch\u00fang T\u00f4i Nh\u1eadn \u0110\u01b0\u1ee3c D\u1eef Li\u1ec7u<\/h3>\n<blockquote>\n<p>Ch\u00fang t\u00f4i thu th\u1eadp \u0111\u01b0\u1ee3c m\u1ed9t s\u1ed1 d\u1eef li\u1ec7u t\u1eeb c\u00e1c b\u1ea1n tr\u1ef1c ti\u1ebfp, nh\u01b0 th\u00f4ng tin b\u1ea1n nh\u1eadp v\u00e0o ch\u00ednh m\u00ecnh, d\u1eef li\u1ec7u v\u1ec1 s\u1ef1 tham gia c\u1ee7a b\u1ea1n trong c\u00e1c kh\u00f3a h\u1ecdc v\u00e0 d\u1eef li\u1ec7u t\u1eeb b\u00ean n\u1ec1n t\u1ea3ng b\u1ea1n k\u1ebft n\u1ed1i v\u1edbi <b>eCademy <\/b>. Ch\u00fang t\u00f4i c\u0169ng c\u00f3 m\u1ed9t s\u1ed1 d\u1eef li\u1ec7u thu th\u1eadp t\u1ef1 \u0111\u1ed9ng, nh\u01b0 th\u00f4ng tin v\u1ec1 \u0111i\u1ec7n tho\u1ea1i v\u00e0 nh\u1eefng ph\u1ea7n d\u1ecbch V\u1ee5 c\u1ee7a ch\u00fang t\u00f4i b\u1ea1n t\u00e1c v\u1edbi ho\u1eb7c d\u00e0nh th\u1eddi gian b\u1eb1ng c\u00e1ch s\u1eed d\u1ee5ng.<\/p>\n<\/blockquote>\n<h3>2. D\u1eef li\u1ec7u B\u1ea1n Cung c\u1ea5p cho Ch\u00fang t\u00f4i<\/h3>\n<p>Ch\u00fang t\u00f4i c\u00f3 th\u1ec3 thu th\u1eadp kh\u00e1c nhau d\u1eef li\u1ec7u t\u1eeb ho\u1eb7c v\u1ec1 b\u1ea1n t\u00f9y thu\u1ed9c v\u00e0o c\u00e1ch b\u1ea1n s\u1eed d\u1ee5ng d\u1ecbch V\u1ee5. D\u01b0\u1edbi \u0111\u00e2y l\u00e0 m\u1ed9t s\u1ed1 v\u00ed d\u1ee5 \u0111\u1ec3 gi\u00fap anh hi\u1ec3u r\u00f5 h\u01a1n v\u1ec1 c\u00e1c d\u1eef li\u1ec7u ch\u00fang t\u00f4i thu th\u1eadp.<\/p>\n<h3>3. L\u00e0m Th\u1ebf N\u00e0o Ch\u00fang Ta C\u00f3 \u0110\u01b0\u1ee3c D\u1eef Li\u1ec7u V\u1ec1 B\u1ea1n<\/h3>\n<p>Ch\u00fang t\u00f4i s\u1eed d\u1ee5ng c\u1ee5 nh\u01b0 cookie, web d\u1ecbch v\u1ee5 ph\u00e2n t\u00edch, v\u00e0 qu\u1ea3ng c\u00e1o c\u00e1c nh\u00e0 cung c\u1ea5p, \u0111\u1ec3 thu th\u1eadp c\u00e1c d\u1eef li\u1ec7u li\u1ec7t k\u00ea \u1edf tr\u00ean. M\u1ed9t s\u1ed1 c\u1ee7a nh\u1eefng c\u00f4ng c\u1ee5 n\u00e0y cung c\u1ea5p cho b\u1ea1n kh\u1ea3 n\u0103ng ch\u1ecdn trong s\u1ed1 d\u1eef li\u1ec7u b\u1ed9 s\u01b0u t\u1eadp.<\/p>\n<h3>4. Cho Nh\u1eefng G\u00ec Ch\u00fang Ta S\u1eed D\u1ee5ng D\u1eef Li\u1ec7u C\u1ee7a B\u1ea1n<\/h3>\n<ol>\n<li>Tr\u1ea3 l\u1eddi c\u00e2u h\u1ecfi c\u1ee7a c\u00f4 v\u00e0 m\u1ed1i quan t\u00e2m;<\/li>\n<li>G\u1eedi tin nh\u1eafn qu\u1ea3n l\u00fd v\u00e0 th\u00f4ng tin, bao g\u1ed3m c\u1ea3 c\u00e1c tin nh\u1eafn t\u1eeb h\u01b0\u1edbng d\u1eabn vi\u00ean v\u00e0 tr\u1ee3 gi\u1ea3ng th\u00f4ng b\u00e1o v\u1ec1 nh\u1eefng thay \u0111\u1ed5i d\u1ecbch V\u1ee5 c\u1ee7a ch\u00fang t\u00f4i, v\u00e0 c\u1eadp nh\u1eadt th\u1ecfa thu\u1eadn c\u1ee7a ch\u00fang t\u00f4i;<\/li>\n<li>G\u1eedi th\u00f4ng b\u00e1o \u0111\u1ea9y \u0111\u1ec3 \u0111i\u1ec7n tho\u1ea1i \u0111\u1ec3 cung c\u1ea5p th\u00f4ng tin c\u1eadp nh\u1eadt c\u00e1c tin nh\u1eafn (m\u00e0 b\u1ea1n c\u00f3 th\u1ec3 qu\u1ea3n l\u00fd t\u1eeb &#034;l\u1ef1a ch\u1ecdn&#034; ho\u1eb7c &#034;\u0111\u1eb7t&#034; trang c\u1ee7a d\u1ee5ng \u0111i\u1ec7n tho\u1ea1i di \u0111\u1ed9ng);<\/li>\n<\/ol>\n<h3>5. S\u1ef1 L\u1ef1a ch\u1ecdn c\u1ee7a b\u1ea1n V\u1ec1 vi\u1ec7c S\u1eed d\u1ee5ng d\u1eef Li\u1ec7u c\u1ee7a B\u1ea1n<\/h3>\n<p>B\u1ea1n c\u00f3 th\u1ec3 l\u1ef1a ch\u1ecdn kh\u00f4ng ph\u1ea3i cung c\u1ea5p m\u1ed9t s\u1ed1 d\u1eef li\u1ec7u cho ch\u00fang t\u00f4i, nh\u01b0ng b\u1ea1n kh\u00f4ng th\u1ec3 s\u1eed d\u1ee5ng m\u1ed9t s\u1ed1 t\u00ednh n\u0103ng c\u1ee7a d\u1ecbch V\u1ee5.<\/p>\n<ul>\n<li>\u0110\u1ec3 ng\u0103n ch\u1eb7n nh\u1eadn truy\u1ec1n th\u00f4ng qu\u1ea3ng c\u00e1o c\u1ee7a ch\u00fang t\u00f4i, b\u1ea1n c\u00f3 th\u1ec3 l\u1ef1a ch\u1ecdn ra b\u1eb1ng c\u00e1ch s\u1eed d\u1ee5ng c\u00e1c \u0111\u0103ng k\u00fd ch\u1ebf trong qu\u1ea3ng c\u00e1o truy\u1ec1n th\u00f4ng b\u1ea1n nh\u1eadn ho\u1eb7c b\u1eb1ng c\u00e1ch thay \u0111\u1ed5i email s\u1edf th\u00edch trong t\u00e0i kho\u1ea3n c\u1ee7a b\u1ea1n. L\u01b0u \u00fd r\u1eb1ng b\u1ea5t k\u1ec3 email c\u1ee7a b\u1ea1n c\u00e0i \u0111\u1eb7t \u01b0u ti\u00ean, ch\u00fang t\u00f4i s\u1ebd g\u1eedi cho b\u1ea1n giao d\u1ecbch v\u00e0 m\u1ed1i quan h\u1ec7 tin li\u00ean quan \u0111\u1ebfn c\u00e1c d\u1ecbch V\u1ee5, bao g\u1ed3m ch\u00ednh x\u00e1c nh\u1eadn, t\u1ef1 x\u00e1c nh\u1eadn c\u1eadp nh\u1eadt quan tr\u1ecdng v\u1ec1 d\u1ecbch V\u1ee5, v\u00e0 th\u00f4ng b\u00e1o v\u1ec1 ch\u00ednh s\u00e1ch c\u1ee7a ch\u00fang t\u00f4i.<\/li>\n<li>C\u00e1c duy\u1ec7t ho\u1eb7c b\u1ea1n s\u1eed d\u1ee5ng thi\u1ebft b\u1ecb c\u00f3 th\u1ec3 cho ph\u00e9p b\u1ea1n, \u0111i\u1ec1u khi\u1ec3n b\u00e1nh v\u00e0 c\u00e1c lo\u1ea1i kh\u00e1c c\u1ee7a \u0111\u1ecba ph\u01b0\u01a1ng d\u1eef li\u1ec7u l\u01b0u tr\u1eef. \u0110i\u1ec7n tho\u1ea1i c\u1ee7a b\u1ea1n c\u0169ng c\u00f3 th\u1ec3 cho ph\u00e9p b\u1ea1n ki\u1ec3m so\u00e1t li\u1ec7u v\u1ecb tr\u00ed ho\u1eb7c c\u00e1c d\u1eef li\u1ec7u thu th\u1eadp v\u00e0 chia s\u1ebb. B\u1ea1n c\u00f3 th\u1ec3 qu\u1ea3n l\u00fd c\u1ee7a Adobe li\u00ean quan qua trang Web c\u1ee7a h\u1ecd l\u01b0u Tr\u1eef Thi\u1ebft b\u1ea3ng \u0111i\u1ec1u khi\u1ec3n.<\/li>\n<li>\u0110\u1ec3 c\u00f3 \u0111\u01b0\u1ee3c th\u00f4ng tin v\u00e0 \u0111i\u1ec1u khi\u1ec3n b\u00e1nh s\u1eed d\u1ee5ng cho thi\u1ebft k\u1ebf qu\u1ea3ng c\u00e1o t\u1eeb c\u00f4ng ty tham gia, h\u00e3y xem c\u00e1c ng\u01b0\u1eddi ti\u00eau d\u00f9ng l\u1ef1a ch\u1ecdn ra trang cho M\u1ea1ng Ki\u1ebfn Qu\u1ea3ng c\u00e1o v\u00e0 K\u1ef9 thu\u1eadt Qu\u1ea3ng c\u00e1o li\u00ean Minh, ho\u1eb7c n\u1ebfu b\u1ea1n \u0111ang \u1edf trong li\u00ean Minh ch\u00e2u \u00c2u, truy c\u1eadp tr\u1ef1c Tuy\u1ebfn c\u1ee7a B\u1ea1n L\u1ef1a ch\u1ecdn trang web. \u0110\u1ec3 l\u1ef1a ch\u1ecdn c\u1ee7a Google qu\u1ea3ng c\u00e1o ho\u1eb7c ch\u1ec9nh Google M\u00e0n h\u00ecnh qu\u1ea3ng c\u00e1o tr\u00ean M\u1ea1ng, truy c\u1eadp v\u00e0o Qu\u1ea3ng c\u00e1o Google trang thi\u1ebft L\u1eadp. \u0110\u1ec3 l\u1ef1a ch\u1ecdn trong s\u1ed1 th\u1ea5y nhi\u1ec1u l\u00e0 qu\u1ea3ng c\u00e1o nh\u1eafm m\u1ee5c ti\u00eau, xem nh\u1eefng l\u1ef1a Ch\u1ecdn trong s\u1ed1 li\u00ean K\u1ebft trong B\u00e1nh M\u1eadt.<\/li>\n<li>\u0110\u1ec3 c\u1eadp nh\u1eadt th\u00f4ng tin b\u1ea1n cung c\u1ea5p tr\u1ef1c ti\u1ebfp, nh\u1eadp v\u00e0o t\u00e0i kho\u1ea3n v\u00e0 c\u1eadp nh\u1eadt t\u00e0i kho\u1ea3n c\u1ee7a b\u1ea1n v\u00e0o b\u1ea5t k\u1ef3 th\u1eddi \u0111i\u1ec3m n\u00e0o.<\/li>\n<\/ul>\n<h3>6. Ch\u00ednh S\u00e1ch C\u1ee7a Ch\u00fang T\u00f4i V\u1ec1 Tr\u1ebb Em<\/h3>\n<p>Ch\u00fang t\u00f4i nh\u1eadn ra ch\u00ednh s\u1edf th\u00edch c\u1ee7a em v\u00e0 khuy\u1ebfn kh\u00edch ng\u01b0\u1eddi \u0111\u1ec3 m\u1ea5t m\u1ed9t ho\u1ea1t \u0111\u1ed9ng trong vai tr\u00f2 c\u1ee7a tr\u1ebb em ho\u1ea1t \u0111\u1ed9ng tr\u1ef1c tuy\u1ebfn v\u00e0 s\u1edf th\u00edch. Tr\u1ebb em d\u01b0\u1edbi 13 (ho\u1eb7c d\u01b0\u1edbi 16 trong khu V\u1ef1c Kinh t\u1ebf ch\u00e2u \u00c2u) kh\u00f4ng n\u00ean s\u1eed d\u1ee5ng nh\u1eefng d\u1ecbch V\u1ee5. N\u1ebfu ch\u00fang ta t\u00ecm hi\u1ec3u r\u1eb1ng ch\u00fang ta \u0111\u00e3 thu th\u1eadp \u0111\u01b0\u1ee3c d\u1eef li\u1ec7u c\u00e1 nh\u00e2n t\u1eeb m\u1ed9t \u0111\u1ee9a tr\u1ebb d\u01b0\u1edbi nh\u1eefng l\u1ee9a tu\u1ed5i, ch\u00fang t\u00f4i s\u1ebd \u0111\u01b0a b\u01b0\u1edbc h\u1ee3p l\u00fd \u0111\u1ec3 x\u00f3a n\u00f3.<\/p>\t\t\t\t\t\t\t\t<\/div>\n\t\t\t\t<\/div>\n\t\t\t\t\t<\/div>\n\t\t<\/div>\n\t\t\t\t<div class=\"elementor-column elementor-col-50 elementor-inner-column elementor-element elementor-element-b6ad83d sidebar\" data-id=\"b6ad83d\" data-element_type=\"column\">\n\t\t\t<div class=\"elementor-widget-wrap elementor-element-populated\">\n\t\t\t\t\t\t<div class=\"elementor-element elementor-element-dff6a6d elementor-widget elementor-widget-sidebar\" data-id=\"dff6a6d\" data-element_type=\"widget\" data-widget_type=\"sidebar.default\">\n\t\t\t\t<div class=\"elementor-widget-container\">\n\t\t\t\t\t<div id=\"nav_menu-4\" class=\"widget widget_nav_menu\"><div class=\"menu-page-sidebar-container\"><ul id=\"menu-page-sidebar\" class=\"menu\"><li id=\"menu-item-357\" class=\"menu-item menu-item-type-post_type menu-item-object-page menu-item-357\"><a href=\"https:\/\/vietlearnfun.com\/vi\/about-us-1\/\" onclick=\"return true\">V\u1ec1 Ch\u00fang T\u00f4i 1<\/a><\/li>\n<li id=\"menu-item-358\" class=\"menu-item menu-item-type-post_type menu-item-object-page menu-item-358\"><a href=\"https:\/\/vietlearnfun.com\/vi\/contact\/\" onclick=\"return true\">Li\u00ean L\u1ea1c V\u1edbi Ch\u00fang T\u00f4i<\/a><\/li>\n<li id=\"menu-item-361\" class=\"menu-item menu-item-type-post_type menu-item-object-page menu-item-361\"><a href=\"https:\/\/vietlearnfun.com\/vi\/purchase-guide\/\" onclick=\"return true\">T\u00f9y H\u01b0\u1edbng D\u1eabn<\/a><\/li>\n<li id=\"menu-item-359\" class=\"menu-item menu-item-type-post_type menu-item-object-page menu-item-359\"><a href=\"https:\/\/vietlearnfun.com\/vi\/terms-conditions\/\" onclick=\"return true\">\u0110i\u1ec1u Ki\u1ec7n<\/a><\/li>\n<li id=\"menu-item-360\" class=\"menu-item menu-item-type-post_type menu-item-object-page menu-item-privacy-policy menu-item-360\"><a rel=\"privacy-policy\" href=\"https:\/\/vietlearnfun.com\/vi\/privacy-policy\/\" onclick=\"return true\">Ch\u00ednh S\u00e1ch B\u1ea3o M\u1eadt<\/a><\/li>\n<\/ul><\/div><\/div><div id=\"tag_cloud-2\" class=\"widget widget_tag_cloud\"><h2 class=\"widget-title\">Th\u1ebb Ph\u1ed5 Bi\u1ebfn<\/h2><div class=\"tagcloud\"><a href=\"https:\/\/vietlearnfun.com\/vi\/tag\/artist\/\" class=\"tag-cloud-link tag-link-153 tag-link-position-1\" style=\"font-size: 17.506172839506pt;\" aria-label=\"Artist (6 m\u1ee5c)\">Ngh\u1ec7 s\u0129<\/a>\n<a href=\"https:\/\/vietlearnfun.com\/vi\/tag\/atd\/\" class=\"tag-cloud-link tag-link-15 tag-link-position-2\" style=\"font-size: 8pt;\" aria-label=\"ATD (1 m\u1ee5c)\">\u0110I\u1ec6N<\/a>\n<a href=\"https:\/\/vietlearnfun.com\/vi\/tag\/books\/\" class=\"tag-cloud-link tag-link-110 tag-link-position-3\" style=\"font-size: 8pt;\" aria-label=\"Books (1 m\u1ee5c)\">S\u00e1ch<\/a>\n<a href=\"https:\/\/vietlearnfun.com\/vi\/tag\/business-coach\/\" class=\"tag-cloud-link tag-link-147 tag-link-position-4\" style=\"font-size: 13.185185185185pt;\" aria-label=\"Business Coach (3 m\u1ee5c)\">Hu\u1ea5n Luy\u1ec7n Vi\u00ean Kinh Doanh<\/a>\n<a href=\"https:\/\/vietlearnfun.com\/vi\/tag\/design\/\" class=\"tag-cloud-link tag-link-18 tag-link-position-5\" style=\"font-size: 8pt;\" aria-label=\"Design (1 m\u1ee5c)\">Thi\u1ebft k\u1ebf<\/a>\n<a href=\"https:\/\/vietlearnfun.com\/vi\/tag\/education\/\" class=\"tag-cloud-link tag-link-17 tag-link-position-6\" style=\"font-size: 13.185185185185pt;\" aria-label=\"Education (3 m\u1ee5c)\">Gi\u00e1o d\u1ee5c<\/a>\n<a href=\"https:\/\/vietlearnfun.com\/vi\/tag\/gym\/\" class=\"tag-cloud-link tag-link-143 tag-link-position-7\" style=\"font-size: 13.185185185185pt;\" aria-label=\"Gym (3 m\u1ee5c)\">Ph\u00f2ng t\u1eadp th\u1ec3 d\u1ee5c<\/a>\n<a href=\"https:\/\/vietlearnfun.com\/vi\/tag\/health-coaching\/\" class=\"tag-cloud-link tag-link-64 tag-link-position-8\" style=\"font-size: 8pt;\" aria-label=\"Health Coaching (1 m\u1ee5c)\">Hu\u1ea5n Luy\u1ec7n S\u1ee9c Kh\u1ecfe<\/a>\n<a href=\"https:\/\/vietlearnfun.com\/vi\/tag\/international\/\" class=\"tag-cloud-link tag-link-14 tag-link-position-9\" style=\"font-size: 8pt;\" aria-label=\"International (1 m\u1ee5c)\">Qu\u1ed1c t\u1ebf<\/a>\n<a href=\"https:\/\/vietlearnfun.com\/vi\/tag\/learning\/\" class=\"tag-cloud-link tag-link-9 tag-link-position-10\" style=\"font-size: 22pt;\" aria-label=\"Learning (12 m\u1ee5c)\">H\u1ecdc<\/a>\n<a href=\"https:\/\/vietlearnfun.com\/vi\/tag\/online\/\" class=\"tag-cloud-link tag-link-12 tag-link-position-11\" style=\"font-size: 20.79012345679pt;\" aria-label=\"Online (10 m\u1ee5c)\">Tr\u1ef1c tuy\u1ebfn<\/a>\n<a href=\"https:\/\/vietlearnfun.com\/vi\/tag\/preschool\/\" class=\"tag-cloud-link tag-link-111 tag-link-position-12\" style=\"font-size: 8pt;\" aria-label=\"Preschool (1 m\u1ee5c)\">Non<\/a>\n<a href=\"https:\/\/vietlearnfun.com\/vi\/tag\/shoestring\/\" class=\"tag-cloud-link tag-link-11 tag-link-position-13\" style=\"font-size: 11.111111111111pt;\" aria-label=\"Shoestring (2 m\u1ee5c)\">Eo h\u1eb9p<\/a>\n<a href=\"https:\/\/vietlearnfun.com\/vi\/tag\/summer\/\" class=\"tag-cloud-link tag-link-66 tag-link-position-14\" style=\"font-size: 8pt;\" aria-label=\"Summer (1 m\u1ee5c)\">M\u00f9a h\u00e8<\/a>\n<a href=\"https:\/\/vietlearnfun.com\/vi\/tag\/theme\/\" class=\"tag-cloud-link tag-link-108 tag-link-position-15\" style=\"font-size: 8pt;\" aria-label=\"Theme (1 m\u1ee5c)\">Ch\u1ee7 \u0111\u1ec1<\/a>\n<a href=\"https:\/\/vietlearnfun.com\/vi\/tag\/training\/\" class=\"tag-cloud-link tag-link-19 tag-link-position-16\" style=\"font-size: 8pt;\" aria-label=\"Training (1 m\u1ee5c)\">\u0110\u00e0o t\u1ea1o<\/a>\n<a href=\"https:\/\/vietlearnfun.com\/vi\/tag\/ytt\/\" class=\"tag-cloud-link tag-link-65 tag-link-position-17\" style=\"font-size: 8pt;\" aria-label=\"YTT (1 m\u1ee5c)\">YTT<\/a><\/div>\n<\/div><div id=\"media_gallery-3\" class=\"widget widget_media_gallery\"><h2 class=\"widget-title\">Th\u01b0 vi\u1ec7n<\/h2><div id='gallery-1' class='gallery galleryid-3 gallery-columns-3 gallery-size-thumbnail'><figure class='gallery-item'>\n\t\t\t<div class='gallery-icon landscape'>\n\t\t\t\t<img decoding=\"async\" width=\"150\" height=\"150\" src=\"https:\/\/vietlearnfun.com\/wp-content\/uploads\/2020\/05\/blog-post-img3-150x150.jpg\" class=\"attachment-thumbnail size-thumbnail\" alt=\"\" srcset=\"https:\/\/vietlearnfun.com\/wp-content\/uploads\/2020\/05\/blog-post-img3-150x150.jpg 150w, https:\/\/vietlearnfun.com\/wp-content\/uploads\/2020\/05\/blog-post-img3-400x400.jpg 400w, https:\/\/vietlearnfun.com\/wp-content\/uploads\/2020\/05\/blog-post-img3-300x300.jpg 300w, https:\/\/vietlearnfun.com\/wp-content\/uploads\/2020\/05\/blog-post-img3-100x100.jpg 100w\" sizes=\"(max-width: 150px) 100vw, 150px\" \/>\n\t\t\t<\/div><\/figure><figure class='gallery-item'>\n\t\t\t<div class='gallery-icon landscape'>\n\t\t\t\t<img decoding=\"async\" width=\"150\" height=\"150\" src=\"https:\/\/vietlearnfun.com\/wp-content\/uploads\/2020\/05\/blog-post-img2-150x150.jpg\" class=\"attachment-thumbnail size-thumbnail\" alt=\"\" srcset=\"https:\/\/vietlearnfun.com\/wp-content\/uploads\/2020\/05\/blog-post-img2-150x150.jpg 150w, https:\/\/vietlearnfun.com\/wp-content\/uploads\/2020\/05\/blog-post-img2-400x400.jpg 400w, https:\/\/vietlearnfun.com\/wp-content\/uploads\/2020\/05\/blog-post-img2-300x300.jpg 300w, https:\/\/vietlearnfun.com\/wp-content\/uploads\/2020\/05\/blog-post-img2-100x100.jpg 100w\" sizes=\"(max-width: 150px) 100vw, 150px\" \/>\n\t\t\t<\/div><\/figure><figure class='gallery-item'>\n\t\t\t<div class='gallery-icon landscape'>\n\t\t\t\t<img loading=\"lazy\" decoding=\"async\" width=\"150\" height=\"150\" src=\"https:\/\/vietlearnfun.com\/wp-content\/uploads\/2020\/05\/blog-post-img4-150x150.jpg\" class=\"attachment-thumbnail size-thumbnail\" alt=\"\" srcset=\"https:\/\/vietlearnfun.com\/wp-content\/uploads\/2020\/05\/blog-post-img4-150x150.jpg 150w, https:\/\/vietlearnfun.com\/wp-content\/uploads\/2020\/05\/blog-post-img4-400x400.jpg 400w, https:\/\/vietlearnfun.com\/wp-content\/uploads\/2020\/05\/blog-post-img4-300x300.jpg 300w, https:\/\/vietlearnfun.com\/wp-content\/uploads\/2020\/05\/blog-post-img4-100x100.jpg 100w\" sizes=\"(max-width: 150px) 100vw, 150px\" \/>\n\t\t\t<\/div><\/figure><figure class='gallery-item'>\n\t\t\t<div class='gallery-icon landscape'>\n\t\t\t\t<img loading=\"lazy\" decoding=\"async\" width=\"150\" height=\"150\" src=\"https:\/\/vietlearnfun.com\/wp-content\/uploads\/2020\/05\/blog-post-img5-150x150.jpg\" class=\"attachment-thumbnail size-thumbnail\" alt=\"\" srcset=\"https:\/\/vietlearnfun.com\/wp-content\/uploads\/2020\/05\/blog-post-img5-150x150.jpg 150w, https:\/\/vietlearnfun.com\/wp-content\/uploads\/2020\/05\/blog-post-img5-400x400.jpg 400w, https:\/\/vietlearnfun.com\/wp-content\/uploads\/2020\/05\/blog-post-img5-300x300.jpg 300w, https:\/\/vietlearnfun.com\/wp-content\/uploads\/2020\/05\/blog-post-img5-100x100.jpg 100w\" sizes=\"(max-width: 150px) 100vw, 150px\" \/>\n\t\t\t<\/div><\/figure><figure class='gallery-item'>\n\t\t\t<div class='gallery-icon landscape'>\n\t\t\t\t<img loading=\"lazy\" decoding=\"async\" width=\"150\" height=\"150\" src=\"https:\/\/vietlearnfun.com\/wp-content\/uploads\/2020\/05\/blog-post-img6-150x150.jpg\" class=\"attachment-thumbnail size-thumbnail\" alt=\"\" srcset=\"https:\/\/vietlearnfun.com\/wp-content\/uploads\/2020\/05\/blog-post-img6-150x150.jpg 150w, https:\/\/vietlearnfun.com\/wp-content\/uploads\/2020\/05\/blog-post-img6-400x400.jpg 400w, https:\/\/vietlearnfun.com\/wp-content\/uploads\/2020\/05\/blog-post-img6-300x300.jpg 300w, https:\/\/vietlearnfun.com\/wp-content\/uploads\/2020\/05\/blog-post-img6-100x100.jpg 100w\" sizes=\"(max-width: 150px) 100vw, 150px\" \/>\n\t\t\t<\/div><\/figure><figure class='gallery-item'>\n\t\t\t<div class='gallery-icon landscape'>\n\t\t\t\t<img loading=\"lazy\" decoding=\"async\" width=\"150\" height=\"150\" src=\"https:\/\/vietlearnfun.com\/wp-content\/uploads\/2020\/05\/blog-post-img7-150x150.jpg\" class=\"attachment-thumbnail size-thumbnail\" alt=\"\" srcset=\"https:\/\/vietlearnfun.com\/wp-content\/uploads\/2020\/05\/blog-post-img7-150x150.jpg 150w, https:\/\/vietlearnfun.com\/wp-content\/uploads\/2020\/05\/blog-post-img7-400x400.jpg 400w, https:\/\/vietlearnfun.com\/wp-content\/uploads\/2020\/05\/blog-post-img7-300x300.jpg 300w, https:\/\/vietlearnfun.com\/wp-content\/uploads\/2020\/05\/blog-post-img7-100x100.jpg 100w\" sizes=\"(max-width: 150px) 100vw, 150px\" \/>\n\t\t\t<\/div><\/figure>\n\t\t<\/div>\n<\/div>\t\t\t\t<\/div>\n\t\t\t\t<\/div>\n\t\t\t\t\t<\/div>\n\t\t<\/div>\n\t\t\t\t\t<\/div>\n\t\t<\/section>\n\t\t\t\t\t<\/div>\n\t\t<\/div>\n\t\t\t\t\t<\/div>\n\t\t<\/section>\n\t\t\t\t<\/div>","protected":false},"excerpt":{"rendered":"<p>This Privacy Policy was last updated on January 1, 2020. 1. What Data We Get We collect certain data from <\/p>","protected":false},"author":1,"featured_media":0,"parent":0,"menu_order":0,"comment_status":"closed","ping_status":"open","template":"","meta":{"_acf_changed":false,"footnotes":""},"class_list":["post-3","page","type-page","status-publish","hentry"],"acf":[],"_links":{"self":[{"href":"https:\/\/vietlearnfun.com\/vi\/wp-json\/wp\/v2\/pages\/3","targetHints":{"allow":["GET"]}}],"collection":[{"href":"https:\/\/vietlearnfun.com\/vi\/wp-json\/wp\/v2\/pages"}],"about":[{"href":"https:\/\/vietlearnfun.com\/vi\/wp-json\/wp\/v2\/types\/page"}],"author":[{"embeddable":true,"href":"https:\/\/vietlearnfun.com\/vi\/wp-json\/wp\/v2\/users\/1"}],"replies":[{"embeddable":true,"href":"https:\/\/vietlearnfun.com\/vi\/wp-json\/wp\/v2\/comments?post=3"}],"version-history":[{"count":0,"href":"https:\/\/vietlearnfun.com\/vi\/wp-json\/wp\/v2\/pages\/3\/revisions"}],"wp:attachment":[{"href":"https:\/\/vietlearnfun.com\/vi\/wp-json\/wp\/v2\/media?parent=3"}],"curies":[{"name":"wp","href":"https:\/\/api.w.org\/{rel}","templated":true}]}}