{"id":2466,"date":"2020-08-19T11:30:09","date_gmt":"2020-08-19T11:30:09","guid":{"rendered":"https:\/\/vietlearnfun.com\/dashboard\/"},"modified":"2023-10-31T18:17:36","modified_gmt":"2023-10-31T18:17:36","slug":"dashboard","status":"publish","type":"page","link":"https:\/\/vietlearnfun.com\/vi\/dashboard\/","title":{"rendered":"B\u1ea3ng \u0111i\u1ec1u khi\u1ec3n"},"content":{"rendered":"Vui l\u00f2ng <a data-login_url=\"\" href=\"#\" class=\"tutor-open-login-modal\">\u0110\u0103ng nh\u1eadp<\/a> \u0111\u1ec3 xem trang n\u00e0y","protected":false},"excerpt":{"rendered":"<p>Vui l\u00f2ng \u0110\u0103ng nh\u1eadp \u0111\u1ec3 xem trang n\u00e0y<\/p>","protected":false},"author":1,"featured_media":0,"parent":0,"menu_order":0,"comment_status":"closed","ping_status":"closed","template":"","meta":{"_acf_changed":false,"footnotes":""},"class_list":["post-2466","page","type-page","status-publish","hentry"],"acf":[],"_links":{"self":[{"href":"https:\/\/vietlearnfun.com\/vi\/wp-json\/wp\/v2\/pages\/2466","targetHints":{"allow":["GET"]}}],"collection":[{"href":"https:\/\/vietlearnfun.com\/vi\/wp-json\/wp\/v2\/pages"}],"about":[{"href":"https:\/\/vietlearnfun.com\/vi\/wp-json\/wp\/v2\/types\/page"}],"author":[{"embeddable":true,"href":"https:\/\/vietlearnfun.com\/vi\/wp-json\/wp\/v2\/users\/1"}],"replies":[{"embeddable":true,"href":"https:\/\/vietlearnfun.com\/vi\/wp-json\/wp\/v2\/comments?post=2466"}],"version-history":[{"count":0,"href":"https:\/\/vietlearnfun.com\/vi\/wp-json\/wp\/v2\/pages\/2466\/revisions"}],"wp:attachment":[{"href":"https:\/\/vietlearnfun.com\/vi\/wp-json\/wp\/v2\/media?parent=2466"}],"curies":[{"name":"wp","href":"https:\/\/api.w.org\/{rel}","templated":true}]}}